{"id":13,"date":"2025-04-04T13:56:06","date_gmt":"2025-04-04T11:56:06","guid":{"rendered":"https:\/\/vskt1.vskt-asvc.ch\/?page_id=13"},"modified":"2025-08-05T08:56:26","modified_gmt":"2025-08-05T06:56:26","slug":"home","status":"publish","type":"page","link":"https:\/\/vskt1.vskt-asvc.ch\/","title":{"rendered":"Home"},"content":{"rendered":"\t\t<div data-elementor-type=\"wp-page\" data-elementor-id=\"13\" class=\"elementor elementor-13\" data-elementor-post-type=\"page\">\n\t\t\t\t<div class=\"elementor-element elementor-element-7746f75 e-con-full elementor-hidden-tablet elementor-hidden-mobile e-flex e-con e-parent\" data-id=\"7746f75\" data-element_type=\"container\">\n\t\t\t\t<div class=\"elementor-element elementor-element-ba6a3d7 elementor-widget__width-inherit elementor-absolute elementor-widget elementor-widget-image\" data-id=\"ba6a3d7\" data-element_type=\"widget\" data-settings=\"{&quot;_position&quot;:&quot;absolute&quot;,&quot;motion_fx_motion_fx_mouse&quot;:&quot;yes&quot;,&quot;motion_fx_mouseTrack_effect&quot;:&quot;yes&quot;,&quot;motion_fx_mouseTrack_speed&quot;:{&quot;unit&quot;:&quot;px&quot;,&quot;size&quot;:0.2,&quot;sizes&quot;:[]}}\" data-widget_type=\"image.default\">\n\t\t\t\t<div class=\"elementor-widget-container\">\n\t\t\t\t\t\t\t\t\t\t\t\t\t\t\t<img fetchpriority=\"high\" decoding=\"async\" width=\"1216\" height=\"704\" src=\"https:\/\/vskt1.vskt-asvc.ch\/wp-content\/uploads\/2025\/07\/background-extended-2.png\" class=\"attachment-2048x2048 size-2048x2048 wp-image-121\" alt=\"\" srcset=\"https:\/\/vskt1.vskt-asvc.ch\/wp-content\/uploads\/2025\/07\/background-extended-2.png 1216w, https:\/\/vskt1.vskt-asvc.ch\/wp-content\/uploads\/2025\/07\/background-extended-2-300x174.png 300w, https:\/\/vskt1.vskt-asvc.ch\/wp-content\/uploads\/2025\/07\/background-extended-2-1024x593.png 1024w, https:\/\/vskt1.vskt-asvc.ch\/wp-content\/uploads\/2025\/07\/background-extended-2-768x445.png 768w\" sizes=\"(max-width: 1216px) 100vw, 1216px\" \/>\t\t\t\t\t\t\t\t\t\t\t\t\t\t\t<\/div>\n\t\t\t\t<\/div>\n\t\t\t\t<div class=\"elementor-element elementor-element-bbb7bda elementor-widget__width-initial elementor-absolute elementor-widget elementor-widget-image\" data-id=\"bbb7bda\" data-element_type=\"widget\" data-settings=\"{&quot;_position&quot;:&quot;absolute&quot;,&quot;motion_fx_motion_fx_mouse&quot;:&quot;yes&quot;,&quot;motion_fx_mouseTrack_effect&quot;:&quot;yes&quot;,&quot;motion_fx_mouseTrack_speed&quot;:{&quot;unit&quot;:&quot;px&quot;,&quot;size&quot;:0.45,&quot;sizes&quot;:[]}}\" data-widget_type=\"image.default\">\n\t\t\t\t<div class=\"elementor-widget-container\">\n\t\t\t\t\t\t\t\t\t\t\t\t\t\t\t<img decoding=\"async\" width=\"1280\" height=\"655\" src=\"https:\/\/vskt1.vskt-asvc.ch\/wp-content\/uploads\/2025\/04\/Kuh-auf-Alp-2-cut.png\" class=\"attachment-full size-full wp-image-83\" alt=\"\" srcset=\"https:\/\/vskt1.vskt-asvc.ch\/wp-content\/uploads\/2025\/04\/Kuh-auf-Alp-2-cut.png 1280w, https:\/\/vskt1.vskt-asvc.ch\/wp-content\/uploads\/2025\/04\/Kuh-auf-Alp-2-cut-300x154.png 300w, https:\/\/vskt1.vskt-asvc.ch\/wp-content\/uploads\/2025\/04\/Kuh-auf-Alp-2-cut-1024x524.png 1024w, https:\/\/vskt1.vskt-asvc.ch\/wp-content\/uploads\/2025\/04\/Kuh-auf-Alp-2-cut-768x393.png 768w\" sizes=\"(max-width: 1280px) 100vw, 1280px\" \/>\t\t\t\t\t\t\t\t\t\t\t\t\t\t\t<\/div>\n\t\t\t\t<\/div>\n\t\t\t\t<div class=\"elementor-element elementor-element-39033c3 elementor-widget__width-initial elementor-widget elementor-widget-heading\" data-id=\"39033c3\" data-element_type=\"widget\" data-widget_type=\"heading.default\">\n\t\t\t\t<div class=\"elementor-widget-container\">\n\t\t\t\t\t<h2 class=\"elementor-heading-title elementor-size-default\">VSKT<\/h2>\t\t\t\t<\/div>\n\t\t\t\t<\/div>\n\t\t\t\t<div class=\"elementor-element elementor-element-06ac355 elementor-widget elementor-widget-heading\" data-id=\"06ac355\" data-element_type=\"widget\" data-widget_type=\"heading.default\">\n\t\t\t\t<div class=\"elementor-widget-container\">\n\t\t\t\t\t<div class=\"elementor-heading-title elementor-size-default\">Vereinigung f\u00fcr Schweizer Kantonstier\u00e4rztinnen und Kantonstier\u00e4rzte<\/div>\t\t\t\t<\/div>\n\t\t\t\t<\/div>\n\t\t\t\t<\/div>\n\t\t<div class=\"elementor-element elementor-element-bac7ab9 e-flex e-con-boxed e-con e-parent\" data-id=\"bac7ab9\" data-element_type=\"container\">\n\t\t\t\t\t<div class=\"e-con-inner\">\n\t\t\t\t<div class=\"elementor-element elementor-element-ccf7e8a e-transform elementor-widget__width-initial elementor-widget elementor-widget-text-editor\" data-id=\"ccf7e8a\" data-element_type=\"widget\" data-settings=\"{&quot;_transform_skewX_effect&quot;:{&quot;unit&quot;:&quot;px&quot;,&quot;size&quot;:0,&quot;sizes&quot;:[]},&quot;_transform_skewX_effect_tablet&quot;:{&quot;unit&quot;:&quot;deg&quot;,&quot;size&quot;:&quot;&quot;,&quot;sizes&quot;:[]},&quot;_transform_skewX_effect_mobile&quot;:{&quot;unit&quot;:&quot;deg&quot;,&quot;size&quot;:&quot;&quot;,&quot;sizes&quot;:[]},&quot;_transform_skewY_effect&quot;:{&quot;unit&quot;:&quot;px&quot;,&quot;size&quot;:&quot;&quot;,&quot;sizes&quot;:[]},&quot;_transform_skewY_effect_tablet&quot;:{&quot;unit&quot;:&quot;deg&quot;,&quot;size&quot;:&quot;&quot;,&quot;sizes&quot;:[]},&quot;_transform_skewY_effect_mobile&quot;:{&quot;unit&quot;:&quot;deg&quot;,&quot;size&quot;:&quot;&quot;,&quot;sizes&quot;:[]}}\" data-widget_type=\"text-editor.default\">\n\t\t\t\t<div class=\"elementor-widget-container\">\n\t\t\t\t\t\t\t\t\t<p style=\"text-align: center;\"><b>WILLKOMMEN<\/b><\/p><p>In der Vereinigung der Schweizer Kantonstier\u00e4rztinnen und Kantonstier\u00e4rzte VSKT haben sich alle kantonalen Veterin\u00e4rdienste der Schweiz zusammengeschlossen. Der Verein behandelt Amts- und Standesfragen, f\u00f6rdert die berufliche Fort- und Weiterbildung, den einheitlichen Vollzug der relevanten Gesetzgebung im Bereich der Tiergesundheit, des Tierschutzes, der Tierarzneimittel und der Gewinnung von Lebensmitteln tierischen Ursprungs. Sie pflegt die Beziehungen unter den kantonalen Veterin\u00e4rdiensten, im Veterin\u00e4rdienst Schweiz und zu verwandten Berufsvereinigungen und Stakeholdern.<\/p>\t\t\t\t\t\t\t\t<\/div>\n\t\t\t\t<\/div>\n\t\t\t\t\t<\/div>\n\t\t\t\t<\/div>\n\t\t\t\t<\/div>\n\t\t","protected":false},"excerpt":{"rendered":"<p>VSKT Vereinigung f\u00fcr Schweizer Kantonstier\u00e4rztinnen und Kantonstier\u00e4rzte WILLKOMMEN In der Vereinigung der Schweizer Kantonstier\u00e4rztinnen und Kantonstier\u00e4rzte VSKT haben sich alle [&hellip;]<\/p>\n","protected":false},"author":1,"featured_media":0,"parent":0,"menu_order":0,"comment_status":"closed","ping_status":"closed","template":"","meta":{"_acf_changed":false,"site-sidebar-layout":"default","site-content-layout":"","ast-site-content-layout":"","site-content-style":"default","site-sidebar-style":"default","ast-global-header-display":"","ast-banner-title-visibility":"","ast-main-header-display":"","ast-hfb-above-header-display":"","ast-hfb-below-header-display":"","ast-hfb-mobile-header-display":"","site-post-title":"","ast-breadcrumbs-content":"","ast-featured-img":"","footer-sml-layout":"","theme-transparent-header-meta":"","adv-header-id-meta":"","stick-header-meta":"","header-above-stick-meta":"","header-main-stick-meta":"","header-below-stick-meta":"","astra-migrate-meta-layouts":"default","ast-page-background-enabled":"default","ast-page-background-meta":{"desktop":{"background-color":"var(--ast-global-color-5)","background-image":"","background-repeat":"repeat","background-position":"center center","background-size":"auto","background-attachment":"scroll","background-type":"","background-media":"","overlay-type":"","overlay-color":"","overlay-opacity":"","overlay-gradient":""},"tablet":{"background-color":"","background-image":"","background-repeat":"repeat","background-position":"center center","background-size":"auto","background-attachment":"scroll","background-type":"","background-media":"","overlay-type":"","overlay-color":"","overlay-opacity":"","overlay-gradient":""},"mobile":{"background-color":"","background-image":"","background-repeat":"repeat","background-position":"center center","background-size":"auto","background-attachment":"scroll","background-type":"","background-media":"","overlay-type":"","overlay-color":"","overlay-opacity":"","overlay-gradient":""}},"ast-content-background-meta":{"desktop":{"background-color":"var(--ast-global-color-4)","background-image":"","background-repeat":"repeat","background-position":"center center","background-size":"auto","background-attachment":"scroll","background-type":"","background-media":"","overlay-type":"","overlay-color":"","overlay-opacity":"","overlay-gradient":""},"tablet":{"background-color":"var(--ast-global-color-4)","background-image":"","background-repeat":"repeat","background-position":"center center","background-size":"auto","background-attachment":"scroll","background-type":"","background-media":"","overlay-type":"","overlay-color":"","overlay-opacity":"","overlay-gradient":""},"mobile":{"background-color":"var(--ast-global-color-4)","background-image":"","background-repeat":"repeat","background-position":"center center","background-size":"auto","background-attachment":"scroll","background-type":"","background-media":"","overlay-type":"","overlay-color":"","overlay-opacity":"","overlay-gradient":""}},"footnotes":""},"class_list":["post-13","page","type-page","status-publish","hentry"],"acf":[],"_links":{"self":[{"href":"https:\/\/vskt1.vskt-asvc.ch\/index.php?rest_route=\/wp\/v2\/pages\/13","targetHints":{"allow":["GET"]}}],"collection":[{"href":"https:\/\/vskt1.vskt-asvc.ch\/index.php?rest_route=\/wp\/v2\/pages"}],"about":[{"href":"https:\/\/vskt1.vskt-asvc.ch\/index.php?rest_route=\/wp\/v2\/types\/page"}],"author":[{"embeddable":true,"href":"https:\/\/vskt1.vskt-asvc.ch\/index.php?rest_route=\/wp\/v2\/users\/1"}],"replies":[{"embeddable":true,"href":"https:\/\/vskt1.vskt-asvc.ch\/index.php?rest_route=%2Fwp%2Fv2%2Fcomments&post=13"}],"version-history":[{"count":47,"href":"https:\/\/vskt1.vskt-asvc.ch\/index.php?rest_route=\/wp\/v2\/pages\/13\/revisions"}],"predecessor-version":[{"id":252,"href":"https:\/\/vskt1.vskt-asvc.ch\/index.php?rest_route=\/wp\/v2\/pages\/13\/revisions\/252"}],"wp:attachment":[{"href":"https:\/\/vskt1.vskt-asvc.ch\/index.php?rest_route=%2Fwp%2Fv2%2Fmedia&parent=13"}],"curies":[{"name":"wp","href":"https:\/\/api.w.org\/{rel}","templated":true}]}}